{"id":82,"date":"2022-04-29T02:57:41","date_gmt":"2022-04-29T02:57:41","guid":{"rendered":"https:\/\/shthemes.net\/demosd\/thecappawp\/?page_id=82"},"modified":"2025-08-23T15:45:45","modified_gmt":"2025-08-23T15:45:45","slug":"contact-us","status":"publish","type":"page","link":"https:\/\/villadar55.com\/fr\/contact-us\/","title":{"rendered":"Contactez\u2011Nous"},"content":{"rendered":"<div data-elementor-type=\"wp-page\" data-elementor-id=\"82\" class=\"elementor elementor-82\" data-elementor-post-type=\"page\">\n\t\t\t\t\t\t<section class=\"elementor-section elementor-top-section elementor-element elementor-element-550c306 elementor-section-full_width elementor-section-height-default elementor-section-height-default\" data-id=\"550c306\" data-element_type=\"section\" data-e-type=\"section\">\n\t\t\t\t\t\t<div class=\"elementor-container elementor-column-gap-no\">\n\t\t\t\t\t<div class=\"elementor-column elementor-col-100 elementor-top-column elementor-element elementor-element-77d1bef\" data-id=\"77d1bef\" data-element_type=\"column\" data-e-type=\"column\">\n\t\t\t<div class=\"elementor-widget-wrap elementor-element-populated\">\n\t\t\t\t\t\t<div class=\"elementor-element elementor-element-bee56e8 elementor-align-left elementor-widget elementor-widget-pages-banner\" data-id=\"bee56e8\" data-element_type=\"widget\" data-e-type=\"widget\" data-widget_type=\"pages-banner.default\">\n\t\t\t\t<div class=\"elementor-widget-container\">\n\t\t\t\t\t\r\n\t\t\t\t<div class=\"banner-header section-padding valign bg-img bg-fixed\" data-overlay-dark=\"4\" data-background=\"https:\/\/villadar55.com\/wp-content\/uploads\/2025\/08\/20250709_112943-scaled-e1755645964304.jpg\">\r\n\t\t\t\t\t<div class=\"container\">\r\n\t\t\t\t<div class=\"row\">\r\n\t\t\t\t\t<div class=\"col-md-12 caption mt-90\">\r\n\t\t\t\t\t\t\t\t\t\t\t\t<h5>Contactez-nous<\/h5>\r\n\t\t\t\t\t\t\t\t\t\t\t\t\t\t\t\t\t\t<h1>Contactez\u2011Nous<\/h1>\r\n\t\t\t\t\t\t\t\t\t\t\t<\/div>\r\n\t\t\t\t<\/div>\r\n\t\t\t<\/div>\r\n\t\t<\/div>\r\n\r\n\t\t\t\t\t<\/div>\n\t\t\t\t<\/div>\n\t\t\t\t\t<\/div>\n\t\t<\/div>\n\t\t\t\t\t<\/div>\n\t\t<\/section>\n\t\t\t\t<section class=\"elementor-section elementor-top-section elementor-element elementor-element-fb25961 elementor-section-full_width elementor-section-height-default elementor-section-height-default\" data-id=\"fb25961\" data-element_type=\"section\" data-e-type=\"section\">\n\t\t\t\t\t\t<div class=\"elementor-container elementor-column-gap-no\">\n\t\t\t\t\t<div class=\"elementor-column elementor-col-100 elementor-top-column elementor-element elementor-element-9394148\" data-id=\"9394148\" data-element_type=\"column\" data-e-type=\"column\">\n\t\t\t<div class=\"elementor-widget-wrap elementor-element-populated\">\n\t\t\t\t\t\t<div class=\"elementor-element elementor-element-712735d elementor-align-left elementor-widget elementor-widget-pages-contact\" data-id=\"712735d\" data-element_type=\"widget\" data-e-type=\"widget\" data-widget_type=\"pages-contact.default\">\n\t\t\t\t<div class=\"elementor-widget-container\">\n\t\t\t\t\t\r\n\t\t<section class=\"contact section-padding\">\r\n\t\t\t<div class=\"container\">\r\n\t\t\t\t<div class=\"row mb-90\">\r\n\t\t\t\t\t<div class=\"col-md-6 mb-60\">\r\n\t\t\t\t\t\t\t\t\t\t\t\t<h3>Nous sommes l\u00e0 pour rendre votre s\u00e9jour inoubliable.<\/h3>\r\n\t\t\t\t\t\t\t\t\t\t\t\t\t\t\t\t\t\t<p>Vous avez des questions, des demandes sp\u00e9ciales ou souhaitez organiser votre s\u00e9jour parfait \u00e0 la Villa Dar-55 ? \n<\/p>\nNotre \u00e9quipe est pr\u00eate \u00e0 vous accompagner \u00e0 chaque \u00e9tape.<\/p>\r\n\t\t\t\t\t\t\t\t\t\t\t\t\t\t\t\t\t\t<div class=\"reservations mb-30\">\r\n\t\t\t\t\t\t\t\t\t\t\t\t\t\t<div class=\"icon\"><span class=\"flaticon-call\"><\/span><\/div>\r\n\t\t\t\t\t\t\t\t\t\t\t\t\t\t\t\t\t\t\t\t\t<div class=\"text\">\r\n\t\t\t\t\t\t\t\t<p>R\u00e9servation<\/p> <a href=\"tel:212 701-050555\">+212 701-050555<\/a>\t\t\t\t\t\t\t<\/div>\r\n\t\t\t\t\t\t\t\t\t\t\t\t\t<\/div>\r\n\t\t\t\t\t\t\t\t\t\t\t\t<div class=\"reservations mb-30\">\r\n\t\t\t\t\t\t\t\t\t\t\t\t\t\t<div class=\"icon\"><span class=\"flaticon-envelope\"><\/span><\/div>\r\n\t\t\t\t\t\t\t\t\t\t\t\t\t\t\t\t\t\t\t\t\t<div class=\"text\">\r\n\t\t\t\t\t\t\t\t<p>Informations par e-mail<\/p> <a href=\"mailto:Dar55palmeraie@gmail.com\">Dar55palmeraie@gmail.com<\/a>\t\t\t\t\t\t\t<\/div>\r\n\t\t\t\t\t\t\t\t\t\t\t\t\t<\/div>\r\n\t\t\t\t\t\t\t\t\t\t\t\t<div class=\"reservations mb-30\">\r\n\t\t\t\t\t\t\t\t\t\t\t\t\t\t<div class=\"icon\"><span class=\"flaticon-location-pin\"><\/span><\/div>\r\n\t\t\t\t\t\t\t\t\t\t\t\t\t\t\t\t\t\t\t\t\t<div class=\"text\">\r\n\t\t\t\t\t\t\t\t<p>Adresse<\/p> Douar EL Makina, Bab Atlas\nLa Palmeraie, \n<br>Royaume du Maroc \t\t\t\t\t\t\t<\/div>\r\n\t\t\t\t\t\t\t\t\t\t\t\t\t<\/div>\r\n\t\t\t\t\t\t\t\t\t\t\t<\/div>\r\n\t\t\t\t\t<div class=\"col-md-5 mb-30 offset-md-1\">\r\n\t\t\t\t\t\t\t\t\t\t\t\t<h3>Contactez-nous<\/h3>\r\n\t\t\t\t\t\t\t\t\t\t\t\t\t\t\t\t\t\t\n<div class=\"wpcf7 no-js\" id=\"wpcf7-f130-o1\" lang=\"en-US\" dir=\"ltr\" data-wpcf7-id=\"130\">\n<div class=\"screen-reader-response\"><p role=\"status\" aria-live=\"polite\" aria-atomic=\"true\"><\/p> <ul><\/ul><\/div>\n<form action=\"\/fr\/wp-json\/wp\/v2\/pages\/82#wpcf7-f130-o1\" method=\"post\" class=\"wpcf7-form init\" aria-label=\"Contact form\" novalidate=\"novalidate\" data-status=\"init\" data-trp-original-action=\"\/fr\/wp-json\/wp\/v2\/pages\/82#wpcf7-f130-o1\">\n<fieldset class=\"hidden-fields-container\"><input type=\"hidden\" name=\"_wpcf7\" value=\"130\" \/><input type=\"hidden\" name=\"_wpcf7_version\" value=\"6.1.5\" \/><input type=\"hidden\" name=\"_wpcf7_locale\" value=\"en_US\" \/><input type=\"hidden\" name=\"_wpcf7_unit_tag\" value=\"wpcf7-f130-o1\" \/><input type=\"hidden\" name=\"_wpcf7_container_post\" value=\"0\" \/><input type=\"hidden\" name=\"_wpcf7_posted_data_hash\" value=\"\" \/>\n<\/fieldset>\n<form method=\"post\" class=\"contact__form\" action=\"mail.php\">\n <!-- form message -->\n\t<div class=\"row\">\n\t\t<div class=\"col-12\">\n\t\t\t<div class=\"alert alert-success contact__msg\" style=\"display: none\" role=\"alert\">\n\t\t\t\t<p>Votre message a \u00e9t\u00e9 envoy\u00e9 avec succ\u00e8s.\n\t\t\t\t<\/p>\n\t\t\t<\/div>\n\t\t<\/div>\n\t<\/div>\n <!-- form elements -->\n\t<div class=\"row\">\n\t\t<div class=\"col-md-6 form-group\">\n\t\t\t<p><span class=\"wpcf7-form-control-wrap\" data-name=\"your-name\"><input size=\"40\" maxlength=\"400\" class=\"wpcf7-form-control wpcf7-text\" aria-invalid=\"false\" placeholder=\"Votre nom *\" value=\"\" type=\"text\" name=\"your-name\" \/><\/span>\n\t\t\t<\/p>\n\t\t<\/div>\n\t\t<div class=\"col-md-6 form-group\">\n\t\t\t<p><span class=\"wpcf7-form-control-wrap\" data-name=\"your-email\"><input size=\"40\" maxlength=\"400\" class=\"wpcf7-form-control wpcf7-email wpcf7-validates-as-required wpcf7-text wpcf7-validates-as-email\" aria-required=\"true\" aria-invalid=\"false\" placeholder=\"Votre E-mail\" value=\"\" type=\"email\" name=\"your-email\" \/><\/span>\n\t\t\t<\/p>\n\t\t<\/div>\n\t\t<div class=\"col-md-6 form-group\">\n\t\t\t<p><span class=\"wpcf7-form-control-wrap\" data-name=\"your-phone\"><input size=\"40\" maxlength=\"400\" class=\"wpcf7-form-control wpcf7-text\" aria-invalid=\"false\" placeholder=\"Votre num\u00e9ro\" value=\"\" type=\"text\" name=\"your-phone\" \/><\/span>\n\t\t\t<\/p>\n\t\t<\/div>\n\t\t<div class=\"col-md-6 form-group\">\n\t\t\t<p><span class=\"wpcf7-form-control-wrap\" data-name=\"your-subject\"><input size=\"40\" maxlength=\"400\" class=\"wpcf7-form-control wpcf7-text\" aria-invalid=\"false\" placeholder=\"Objet\" value=\"\" type=\"text\" name=\"your-subject\" \/><\/span>\n\t\t\t<\/p>\n\t\t<\/div>\n\t\t<div class=\"col-md-12 form-group\">\n\t\t\t<p><span class=\"wpcf7-form-control-wrap\" data-name=\"your-message\"><textarea cols=\"40\" rows=\"10\" maxlength=\"2000\" class=\"wpcf7-form-control wpcf7-textarea\" id=\"message\" aria-invalid=\"false\" name=\"your-message\">Message *<\/textarea><\/span>\n\t\t\t<\/p>\n\t\t<\/div>\n\t\t<div class=\"col-md-12\">\n\t\t\t<p><input class=\"wpcf7-form-control wpcf7-submit has-spinner butn-dark\" type=\"submit\" value=\"Envoyer le message\" \/>\n\t\t\t<\/p>\n\t\t<\/div>\n\t<\/div>\n<\/form><div class=\"wpcf7-response-output\" aria-hidden=\"true\"><\/div>\n<input type=\"hidden\" name=\"trp-form-language\" value=\"fr\"\/><\/form>\n<\/div>\n\t\t\t\t\t\t\t\t\t\t\t<\/div>\r\n\t\t\t\t<\/div>\r\n\t\t\t\t<!-- Map Section -->\r\n\t\t\t\t\t\t\t\t<div class=\"row\">\r\n\t\t\t\t\t<div class=\"col-md-12 map animate-box\" data-animate-effect=\"fadeInUp\">\r\n\t\t\t\t\t\t<iframe src=\"https:\/\/www.google.com\/maps\/embed?pb=!1m18!1m12!1m3!1d3395.431843247573!2d-7.924197599999999!3d31.6767604!2m3!1f0!2f0!3f0!3m2!1i1024!2i768!4f13.1!3m3!1m2!1s0xdafef006701aa6b%3A0x13882c3c93482fb5!2sVilla%20-%20Dar%2055!5e0!3m2!1sen!2sma!4v1755645717377!5m2!1sen!2sma\" width=\"600\" height=\"450\" style=\"border:0;\" allowfullscreen=\"\" loading=\"lazy\" referrerpolicy=\"no-referrer-when-downgrade\"><\/iframe>\r\n\t\t\t\t\t<\/div>\r\n\t\t\t\t<\/div>\r\n\t\t\t\t\t\t\t<\/div>\r\n\t\t<\/section>\r\n\t\t\r\n\r\n\t\t\t\t\t<\/div>\n\t\t\t\t<\/div>\n\t\t\t\t\t<\/div>\n\t\t<\/div>\n\t\t\t\t\t<\/div>\n\t\t<\/section>\n\t\t\t\t<\/div>","protected":false},"excerpt":{"rendered":"<p>Get in touch Contact Us We\u2019re here to make your stay unforgettable. Have questions, special requests, or want to plan your perfect getaway at Villa Dar-55? Our team is ready to assist you every step of the way. Reservation +212 701-050555 Email Info Dar55palmeraie@gmail.com Address Douar EL Makina, Bab Atlas La Palmeraie, Morocco kingdom Get [&hellip;]<\/p>\n","protected":false},"author":1,"featured_media":0,"parent":0,"menu_order":0,"comment_status":"closed","ping_status":"closed","template":"page-templates\/home.php","meta":{"two_page_speed":[],"footnotes":""},"class_list":["post-82","page","type-page","status-publish","hentry"],"_links":{"self":[{"href":"https:\/\/villadar55.com\/fr\/wp-json\/wp\/v2\/pages\/82","targetHints":{"allow":["GET"]}}],"collection":[{"href":"https:\/\/villadar55.com\/fr\/wp-json\/wp\/v2\/pages"}],"about":[{"href":"https:\/\/villadar55.com\/fr\/wp-json\/wp\/v2\/types\/page"}],"author":[{"embeddable":true,"href":"https:\/\/villadar55.com\/fr\/wp-json\/wp\/v2\/users\/1"}],"replies":[{"embeddable":true,"href":"https:\/\/villadar55.com\/fr\/wp-json\/wp\/v2\/comments?post=82"}],"version-history":[{"count":10,"href":"https:\/\/villadar55.com\/fr\/wp-json\/wp\/v2\/pages\/82\/revisions"}],"predecessor-version":[{"id":6272,"href":"https:\/\/villadar55.com\/fr\/wp-json\/wp\/v2\/pages\/82\/revisions\/6272"}],"wp:attachment":[{"href":"https:\/\/villadar55.com\/fr\/wp-json\/wp\/v2\/media?parent=82"}],"curies":[{"name":"wp","href":"https:\/\/api.w.org\/{rel}","templated":true}]}}